{"id":1007,"date":"2021-09-12T12:04:27","date_gmt":"2021-09-12T12:04:27","guid":{"rendered":"https:\/\/www.elsabah.net\/?page_id=1007"},"modified":"2022-05-24T00:50:10","modified_gmt":"2022-05-23T22:50:10","slug":"news","status":"publish","type":"page","link":"https:\/\/www.elsabah.net\/fr\/news\/","title":{"rendered":"Nouvelles"},"content":{"rendered":"<div class=\"wpb-content-wrapper\"><div class=\"vc_row wpb_row vc_row-fluid force-direction-ltr vc_custom_1653346196282 vc_row-o-content-bottom vc_row-flex wpex-vc-full-width-row wpex-vc-full-width-row--centered wpex-relative wpex-vc_row-has-fill no-bottom-margins wpex-vc-reset-negative-margin\" style=\"background-position:center center!important;background-size:100% 400%!important;\"><div class=\"wpb_column vc_column_container vc_col-sm-6\"><div class=\"vc_column-inner\"><div class=\"wpb_wrapper\"><\/div><\/div><\/div><div class=\"wpb_column vc_column_container vc_col-sm-6\"><div class=\"vc_column-inner\"><div class=\"wpb_wrapper\">\n\t<div  class=\"wpb_single_image wpb_content_element vc_align_ wpb_content_element  float-right\">\n\t\t\n\t\t<figure class=\"wpb_wrapper vc_figure\">\n\t\t\t<div class=\"vc_single_image-wrapper   vc_box_border_grey\"><img width=\"184\" height=\"171\" src=\"https:\/\/www.elsabah.net\/wp-content\/uploads\/2021\/06\/random-fruits.png\" class=\"vc_single_image-img attachment-full\" alt=\"\" title=\"random-fruits\" \/><\/div>\n\t\t<\/figure>\n\t<\/div>\n<div class=\"vc_empty_space\"   style=\"height: 60px\"><span class=\"vc_empty_space_inner\"><\/span><\/div><style>.vcex-teaser.vcex_69ea4893025f0 .vcex-teaser-heading{font-size:70px;font-weight:700;}<\/style><div class=\"vcex-module vcex-teaser wpex-flex wpex-flex-col vc_custom_1632408006619 vcex_69ea4893025f0\"><div class=\"vcex-teaser-content\"><h1 class=\"vcex-teaser-heading wpex-heading wpex-text-lg\">Nouvelles<\/h1><div class=\"vcex-teaser-text wpex-mt-10 wpex-last-mb-0 wpex-clr\"><div class=\"secondary-intro__content\">\n<p>Vous pouvez non seulement go\u00fbter nos produits, mais \u00e9galement \u00eatre inform\u00e9 des derniers lancements, communiqu\u00e9s de presse, mises \u00e0 jour et tendances d'exportation d'EL-Sabah. Restez \u00e0 l'\u00e9coute pour les derni\u00e8res mises \u00e0 jour et faites partie de notre empire grandissant.<\/p>\n<\/div>\n<\/div><\/div><\/div><\/div><\/div><\/div><\/div><div class=\"vc_row wpb_row vc_row-fluid vc_custom_1631724829308 wpex-vc-full-width-row wpex-vc-full-width-row--centered wpex-relative wpex-vc_row-has-fill wpex-vc-reset-negative-margin\"><div class=\"wpb_column vc_column_container vc_col-sm-12\"><div class=\"vc_column-inner\"><div class=\"wpb_wrapper\"><div class=\"wpex-post-cards wpex-post-cards- wpex-relative\"><div class=\"wpex-post-cards-inner\"><\/div><\/div><style>.vcex-post-type-grid-wrap.vcex_69ea48930395e .entry-title{font-size:1.5em;}.vcex-post-type-grid-wrap.vcex_69ea48930395e .entry-date{color:#f89d1b;}<\/style><div class=\"vcex-module vcex-post-type-grid-wrap wpex-clr vcex_69ea48930395e\"><ul class=\"vcex-post-type-filter vcex-filter-links wpex-flex-wrap wpex-list-none wpex-m-0 wpex-mb-25 wpex-gap-5 wpex-flex\"><li class=\"active\"><a href=\"#\" data-filter=\"*\" class=\"theme-button clean\"><span>Show All News<\/span><\/a><\/li><li class=\"filter-cat-62\"><a href=\"#\" data-filter=\".news-type-62\" class=\"theme-button clean\">Annonces<\/a><\/li><li class=\"filter-cat-74\"><a href=\"#\" data-filter=\".news-type-74\" class=\"theme-button clean\">Articles<\/a><\/li><li class=\"filter-cat-57\"><a href=\"#\" data-filter=\".news-type-57\" class=\"theme-button clean\">Des expositions<\/a><\/li><\/ul><div class=\"wpex-row vcex-post-type-grid entries wpex-clr gap-60 vcex-isotope-grid wpex-overflow-hidden match-height-grid\"><div class=\"vcex-post-type-entry vcex-grid-item wpex-clr col span_1_of_3 vcex-isotope-entry col-1 entry post-3123 type-news has-media post_format-69 news-type-74\"><div class=\"vcex-post-type-entry-inner entry-inner wpex-first-mt-0 wpex-last-mb-0 wpex-clr\"><div class=\"vcex-post-type-entry-media entry-media wpex-relative overlay-parent overlay-parent-category-tag\"><a href=\"https:\/\/www.elsabah.net\/fr\/news\/top-10-food-companies-in-egypt\/\" title=\"Top 10 des entreprises alimentaires en Egypte\"><img data-no-lazy=\"1\" class=\"vcex-blog-entry-img wpex-align-middle skip-lazy\" src=\"https:\/\/www.elsabah.net\/wp-content\/uploads\/2023\/08\/News-360x200.jpg\" alt=\"Top 10 food companies in Egypt\" width=\"360\" height=\"200\"><\/a>\n<div class=\"overlay-category-tag theme-overlay wpex-absolute wpex-top-0 wpex-left-0 wpex-z-10 wpex-uppercase wpex-text-xs wpex-font-semibold wpex-clr\">\n\t\t\t<a href=\"https:\/\/www.elsabah.net\/fr\/news-type\/articles\/\" class=\"term-articles count-1 wpex-block wpex-float-left wpex-mr-5 wpex-mb-5 wpex-text-white wpex-bg-black wpex-py-5 wpex-px-10 wpex-transition-colors wpex-duration-200\">Articles<\/a>\n\t<\/div><\/div><div class=\"vcex-post-type-entry-details entry-details wpex-boxed wpex-p-30 wpex-first-mt-0 wpex-last-mb-0 wpex-clr\"><div class=\"match-height-content\"><h2 class=\"vcex-post-type-entry-title entry-title wpex-mb-5\"><a href=\"https:\/\/www.elsabah.net\/fr\/news\/top-10-food-companies-in-egypt\/\">Top 10 des entreprises alimentaires en Egypte<\/a><\/h2><div class=\"vcex-post-type-entry-date entry-date wpex-text-sm wpex-text-3 wpex-mb-5\">ao\u00fbt 17, 2023<\/div><div class=\"vcex-post-type-entry-excerpt entry-excerpt wpex-my-15 wpex-text-pretty wpex-last-mb-0 wpex-clr\"><p>El-Sabah Company for Food Industries est toujours \u00e0 l'avant-garde des 10 premi\u00e8res entreprises alimentaires dans le domaine de l'exportation en \u00c9gypte\nAnd El-Sabah Company s'est class\u00e9e quatri\u00e8me en \u00c9gypte dans le domaine de l'exportation de jus, de produits laitiers et de fromages, selon le site Internet:\nmarketing-boerse\/egypt-business\nhttps:\/\/www.egypt-business.com\/companylist\/details\/2328-top10-food-companies-in-egypt\/428857<\/p><\/div><\/div><\/div><\/div><\/div><div class=\"vcex-post-type-entry vcex-grid-item wpex-clr col span_1_of_3 vcex-isotope-entry col-2 entry post-1441 type-news has-media news-type-62\"><div class=\"vcex-post-type-entry-inner entry-inner wpex-first-mt-0 wpex-last-mb-0 wpex-clr\"><div class=\"vcex-post-type-entry-media entry-media wpex-relative overlay-parent overlay-parent-category-tag\"><a href=\"https:\/\/www.elsabah.net\/fr\/news\/al-sabah-announces-its-desire-to-contract-with-those-who-wish-to-market-its-najwan-brand-in-libya\/\" title=\"Al-Sabah, annonce sa volont\u00e9 de contracter avec ceux qui souhaitent commercialiser sa marque Najwan en Libye.\"><img data-no-lazy=\"1\" class=\"vcex-blog-entry-img wpex-align-middle skip-lazy\" src=\"https:\/\/www.elsabah.net\/wp-content\/uploads\/2020\/11\/127035627_3077923502312412_4769127381168132679_n-360x200.jpg\" alt=\"\" width=\"360\" height=\"200\"><\/a>\n<div class=\"overlay-category-tag theme-overlay wpex-absolute wpex-top-0 wpex-left-0 wpex-z-10 wpex-uppercase wpex-text-xs wpex-font-semibold wpex-clr\">\n\t\t\t<a href=\"https:\/\/www.elsabah.net\/fr\/news-type\/announcements\/\" class=\"term-announcements count-1 wpex-block wpex-float-left wpex-mr-5 wpex-mb-5 wpex-text-white wpex-bg-black wpex-py-5 wpex-px-10 wpex-transition-colors wpex-duration-200\">Annonces<\/a>\n\t<\/div><\/div><div class=\"vcex-post-type-entry-details entry-details wpex-boxed wpex-p-30 wpex-first-mt-0 wpex-last-mb-0 wpex-clr\"><div class=\"match-height-content\"><h2 class=\"vcex-post-type-entry-title entry-title wpex-mb-5\"><a href=\"https:\/\/www.elsabah.net\/fr\/news\/al-sabah-announces-its-desire-to-contract-with-those-who-wish-to-market-its-najwan-brand-in-libya\/\">Al-Sabah, annonce sa volont\u00e9 de contracter avec ceux qui souhaitent commercialiser sa marque Najwan en Libye.<\/a><\/h2><div class=\"vcex-post-type-entry-date entry-date wpex-text-sm wpex-text-3 wpex-mb-5\">novembre 22, 2020<\/div><div class=\"vcex-post-type-entry-excerpt entry-excerpt wpex-my-15 wpex-text-pretty wpex-last-mb-0 wpex-clr\"><p>Al-Sabah Company for Food Industries, le leader de l'industrie alimentaire en \u00c9gypte, annonce son d\u00e9sir de\u2026<\/p><\/div><\/div><\/div><\/div><\/div><div class=\"vcex-post-type-entry vcex-grid-item wpex-clr col span_1_of_3 vcex-isotope-entry col-3 entry post-1453 type-news has-media news-type-57\"><div class=\"vcex-post-type-entry-inner entry-inner wpex-first-mt-0 wpex-last-mb-0 wpex-clr\"><div class=\"vcex-post-type-entry-media entry-media wpex-relative overlay-parent overlay-parent-category-tag\"><a href=\"https:\/\/www.elsabah.net\/fr\/news\/el-sabah-from-success-to-success-at-the-gulf-food-exhibition-in-dubai\/\" title=\"EL-Sabah de succ\u00e8s en succ\u00e8s au salon Gulf Food \u00e0 Duba\u00ef\"><img data-no-lazy=\"1\" class=\"vcex-blog-entry-img wpex-align-middle skip-lazy\" src=\"https:\/\/www.elsabah.net\/wp-content\/uploads\/2021\/09\/dubai2020-360x200.jpg\" alt=\"\" width=\"360\" height=\"200\"><\/a>\n<div class=\"overlay-category-tag theme-overlay wpex-absolute wpex-top-0 wpex-left-0 wpex-z-10 wpex-uppercase wpex-text-xs wpex-font-semibold wpex-clr\">\n\t\t\t<a href=\"https:\/\/www.elsabah.net\/fr\/news-type\/exhibitions\/\" class=\"term-exhibitions count-1 wpex-block wpex-float-left wpex-mr-5 wpex-mb-5 wpex-text-white wpex-bg-black wpex-py-5 wpex-px-10 wpex-transition-colors wpex-duration-200\">Des expositions<\/a>\n\t<\/div><\/div><div class=\"vcex-post-type-entry-details entry-details wpex-boxed wpex-p-30 wpex-first-mt-0 wpex-last-mb-0 wpex-clr\"><div class=\"match-height-content\"><h2 class=\"vcex-post-type-entry-title entry-title wpex-mb-5\"><a href=\"https:\/\/www.elsabah.net\/fr\/news\/el-sabah-from-success-to-success-at-the-gulf-food-exhibition-in-dubai\/\">EL-Sabah de succ\u00e8s en succ\u00e8s au salon Gulf Food \u00e0 Duba\u00ef<\/a><\/h2><div class=\"vcex-post-type-entry-date entry-date wpex-text-sm wpex-text-3 wpex-mb-5\">f\u00e9vrier 18, 2020<\/div><div class=\"vcex-post-type-entry-excerpt entry-excerpt wpex-my-15 wpex-text-pretty wpex-last-mb-0 wpex-clr\"><p>&nbsp;<\/p><\/div><\/div><\/div><\/div><\/div><div class=\"vcex-post-type-entry vcex-grid-item wpex-clr col span_1_of_3 vcex-isotope-entry col-1 entry post-1557 type-news has-media news-type-57\"><div class=\"vcex-post-type-entry-inner entry-inner wpex-first-mt-0 wpex-last-mb-0 wpex-clr\"><div class=\"vcex-post-type-entry-media entry-media wpex-relative overlay-parent overlay-parent-category-tag\"><a href=\"https:\/\/www.elsabah.net\/fr\/news\/food-africa-exhibition-at-the-egypt-convention-center\/\" title=\"Exposition Food Africa au Egypt Convention Center\"><img data-no-lazy=\"1\" class=\"vcex-blog-entry-img wpex-align-middle skip-lazy\" src=\"https:\/\/www.elsabah.net\/wp-content\/uploads\/2019\/12\/Untitled-2-360x200.jpg\" alt=\"\" width=\"360\" height=\"200\"><\/a>\n<div class=\"overlay-category-tag theme-overlay wpex-absolute wpex-top-0 wpex-left-0 wpex-z-10 wpex-uppercase wpex-text-xs wpex-font-semibold wpex-clr\">\n\t\t\t<a href=\"https:\/\/www.elsabah.net\/fr\/news-type\/exhibitions\/\" class=\"term-exhibitions count-1 wpex-block wpex-float-left wpex-mr-5 wpex-mb-5 wpex-text-white wpex-bg-black wpex-py-5 wpex-px-10 wpex-transition-colors wpex-duration-200\">Des expositions<\/a>\n\t<\/div><\/div><div class=\"vcex-post-type-entry-details entry-details wpex-boxed wpex-p-30 wpex-first-mt-0 wpex-last-mb-0 wpex-clr\"><div class=\"match-height-content\"><h2 class=\"vcex-post-type-entry-title entry-title wpex-mb-5\"><a href=\"https:\/\/www.elsabah.net\/fr\/news\/food-africa-exhibition-at-the-egypt-convention-center\/\">Exposition Food Africa au Egypt Convention Center<\/a><\/h2><div class=\"vcex-post-type-entry-date entry-date wpex-text-sm wpex-text-3 wpex-mb-5\">d\u00e9cembre 10, 2019<\/div><div class=\"vcex-post-type-entry-excerpt entry-excerpt wpex-my-15 wpex-text-pretty wpex-last-mb-0 wpex-clr\"><\/div><\/div><\/div><\/div><\/div><\/div><\/div><\/div><\/div><\/div><\/div>\n<\/div>","protected":false},"excerpt":{"rendered":"Food Africa Exhibition at the Egypt Convention Centerd\u00e9cembre 10, 2019","protected":false},"author":1,"featured_media":0,"parent":0,"menu_order":0,"comment_status":"closed","ping_status":"closed","template":"","meta":{"inline_featured_image":false,"ngg_post_thumbnail":0,"footnotes":""},"class_list":["post-1007","page","type-page","status-publish","hentry","entry","has-media"],"_links":{"self":[{"href":"https:\/\/www.elsabah.net\/fr\/wp-json\/wp\/v2\/pages\/1007","targetHints":{"allow":["GET"]}}],"collection":[{"href":"https:\/\/www.elsabah.net\/fr\/wp-json\/wp\/v2\/pages"}],"about":[{"href":"https:\/\/www.elsabah.net\/fr\/wp-json\/wp\/v2\/types\/page"}],"author":[{"embeddable":true,"href":"https:\/\/www.elsabah.net\/fr\/wp-json\/wp\/v2\/users\/1"}],"replies":[{"embeddable":true,"href":"https:\/\/www.elsabah.net\/fr\/wp-json\/wp\/v2\/comments?post=1007"}],"version-history":[{"count":3,"href":"https:\/\/www.elsabah.net\/fr\/wp-json\/wp\/v2\/pages\/1007\/revisions"}],"predecessor-version":[{"id":2854,"href":"https:\/\/www.elsabah.net\/fr\/wp-json\/wp\/v2\/pages\/1007\/revisions\/2854"}],"wp:attachment":[{"href":"https:\/\/www.elsabah.net\/fr\/wp-json\/wp\/v2\/media?parent=1007"}],"curies":[{"name":"wp","href":"https:\/\/api.w.org\/{rel}","templated":true}]}}