{"id":864,"date":"2021-09-10T11:26:57","date_gmt":"2021-09-10T11:26:57","guid":{"rendered":"https:\/\/www.elsabah.net\/jobs\/"},"modified":"2023-08-17T14:33:25","modified_gmt":"2023-08-17T11:33:25","slug":"career","status":"publish","type":"page","link":"https:\/\/www.elsabah.net\/fr\/career\/","title":{"rendered":"Carri\u00e8re"},"content":{"rendered":"<div class=\"wpb-content-wrapper\"><div class=\"vc_row wpb_row vc_row-fluid wpex-relative\"><div class=\"wpb_column vc_column_container vc_col-sm-12\"><div class=\"vc_column-inner\"><div class=\"wpb_wrapper\">\n\t<div style=\"text-align:center;\" class=\"wpb_text_column wpb_content_element\" >\n\t\t<div class=\"wpb_wrapper\">\n\t\t\t<h1>Vous \u00eates le capital humain de l'entreprise<\/h1>\n\n\t\t<\/div>\n\t<\/div>\n\n\t<div style=\"text-align:center;\" class=\"wpb_text_column wpb_content_element\" >\n\t\t<div class=\"wpb_wrapper\">\n\t\t\t<p>Notre objectif strat\u00e9gique est de nous concentrer sur le capital humain de l'entreprise, que nous consid\u00e9rons comme la principale ressource qui contribue au succ\u00e8s et au progr\u00e8s de l'entreprise.<\/p>\n\n\t\t<\/div>\n\t<\/div>\n<\/div><\/div><\/div><\/div><div class=\"vc_row wpb_row vc_row-fluid vc_custom_1652616767519 wpex-relative\"><div class=\"wpb_column vc_column_container vc_col-sm-6\"><div class=\"vc_column-inner\"><div class=\"wpb_wrapper\">\n\t<div  class=\"wpb_single_image wpb_content_element vc_align_ wpb_content_element\">\n\t\t\n\t\t<figure class=\"wpb_wrapper vc_figure\">\n\t\t\t<div class=\"vc_single_image-wrapper   vc_box_border_grey\"><img width=\"600\" height=\"400\" src=\"https:\/\/www.elsabah.net\/wp-content\/uploads\/2022\/05\/600x400Career.jpg\" class=\"vc_single_image-img attachment-full\" alt=\"\" title=\"600x400Career\" srcset=\"https:\/\/www.elsabah.net\/wp-content\/uploads\/2022\/05\/600x400Career.jpg 600w, https:\/\/www.elsabah.net\/wp-content\/uploads\/2022\/05\/600x400Career-300x200.jpg 300w, https:\/\/www.elsabah.net\/wp-content\/uploads\/2022\/05\/600x400Career-18x12.jpg 18w\" sizes=\"(max-width: 600px) 100vw, 600px\" \/><\/div>\n\t\t<\/figure>\n\t<\/div>\n\n\t<div  class=\"wpb_single_image wpb_content_element vc_align_ wpb_content_element vc_custom_1631278619717  float-left visible-desktop-large\">\n\t\t\n\t\t<figure class=\"wpb_wrapper vc_figure\">\n\t\t\t<div class=\"vc_single_image-wrapper   vc_box_border_grey\"><img width=\"192\" height=\"185\" src=\"https:\/\/www.elsabah.net\/wp-content\/uploads\/2021\/06\/pineapple.png\" class=\"vc_single_image-img attachment-medium\" alt=\"\" title=\"pineapple\" \/><\/div>\n\t\t<\/figure>\n\t<\/div>\n<\/div><\/div><\/div><div class=\"wpb_column vc_column_container vc_col-sm-6\"><div class=\"vc_column-inner\"><div class=\"wpb_wrapper\">\n\t<div  class=\"wpb_single_image wpb_content_element vc_align_ wpb_content_element vc_custom_1631275591183  float-right visible-desktop-large\">\n\t\t\n\t\t<figure class=\"wpb_wrapper vc_figure\">\n\t\t\t<div class=\"vc_single_image-wrapper   vc_box_border_grey\"><img width=\"143\" height=\"100\" src=\"https:\/\/www.elsabah.net\/wp-content\/uploads\/2021\/09\/Avocado-PNG-Image.png\" class=\"vc_single_image-img attachment-medium\" alt=\"\" title=\"Avocado-PNG-Image\" \/><\/div>\n\t\t<\/figure>\n\t<\/div>\n<style>.vcex-heading.vcex_69ea43fd5ac33{color:var(--wpex-accent);font-size:25px;font-weight:700;text-transform:uppercase;}@media (max-width:479px){.vcex-heading.vcex_69ea43fd5ac33{font-size:16px;}}<\/style><span class=\"vcex-heading vcex-heading-plain vcex-module wpex-heading wpex-text-2xl wpex-px-10 wpex-py-10 vcex_69ea43fd5ac33\"><span class=\"vcex-heading-inner wpex-inline-block\">VOTRE CARRI\u00c8RE CHEZ<\/span><\/span><style>.vcex-heading.vcex_69ea43fd5af38{font-size:80px;font-weight:700;line-height:55px;}@media (max-width:479px){.vcex-heading.vcex_69ea43fd5af38{font-size:70px;}}<\/style><span class=\"vcex-heading vcex-heading-plain vcex-module wpex-heading wpex-text-2xl vcex_69ea43fd5af38\"><span class=\"vcex-heading-inner wpex-inline-block\">El Sabah<\/span><\/span>\n\t<div style=\"font-size:14px;\" class=\"wpb_text_column wpb_content_element vc_custom_1692271956381\" >\n\t\t<div class=\"wpb_wrapper\">\n\t\t\t<p>Nous cr\u00e9ons un environnement qui respecte et appr\u00e9cie la diff\u00e9rence de capacit\u00e9s et travaille sur le d\u00e9veloppement des employ\u00e9s et travaille pour recevoir les r\u00e9actions des employ\u00e9s gr\u00e2ce \u00e0 un ensemble int\u00e9gr\u00e9 de politiques qui cr\u00e9ent un \u00e9quilibre entre les besoins des employ\u00e9s et les exigences de l'entreprise.<\/p>\n<p>Notre objectif strat\u00e9gique est de nous concentrer sur le capital humain de l'entreprise, que nous consid\u00e9rons comme la principale ressource qui contribue au succ\u00e8s et au progr\u00e8s de l'entreprise.<\/p>\n\n\t\t<\/div>\n\t<\/div>\n<\/div><\/div><\/div><\/div><div class=\"vc_row wpb_row vc_row-fluid wpex-relative\"><div class=\"wpb_column vc_column_container vc_col-sm-12\"><div class=\"vc_column-inner\"><div class=\"wpb_wrapper\">\n\t<div style=\"text-align:center;\" class=\"wpb_text_column wpb_content_element\" >\n\t\t<div class=\"wpb_wrapper\">\n\t\t\t<h1 class=\"translation-block\">QU'EST-CE QUE <span style=\"color: #f89d1b\">EL-SABAH<\/span> OBJECTIFS RESSOURCES HUMAINES ?<\/h1>\n\n\t\t<\/div>\n\t<\/div>\n<div class=\"vc_separator wpb_content_element vc_separator_align_center vc_sep_width_100 vc_sep_pos_align_center vc_separator_no_text vc_sep_color_grey vc_custom_1631278684144 wpb_content_element  vc_custom_1631278684144 wpb_content_element\" ><span class=\"vc_sep_holder vc_sep_holder_l\"><span class=\"vc_sep_line\"><\/span><\/span><span class=\"vc_sep_holder vc_sep_holder_r\"><span class=\"vc_sep_line\"><\/span><\/span>\n<\/div><div class=\"vc_row wpb_row vc_inner vc_row-fluid wpex-relative\"><div class=\"wpb_column vc_column_container vc_col-sm-3\"><div class=\"vc_column-inner\"><div class=\"wpb_wrapper\"><style>.vcex-teaser.vcex_69ea43fd5b6ea .vcex-teaser-heading{font-size:20px;font-family:Ubuntu;font-weight:700;}.vcex-teaser.vcex_69ea43fd5b6ea .vcex-teaser-text{font-size:14px;}<\/style><div class=\"vcex-module vcex-teaser wpex-flex wpex-flex-col hvr hvr-grow  wpb_animate_when_almost_visible wpb_fadeIn fadeIn vcex_69ea43fd5b6ea\"><div class=\"vcex-teaser-media wpex-mb-20\"><img width=\"413\" height=\"370\" src=\"https:\/\/www.elsabah.net\/wp-content\/uploads\/2021\/09\/investing-hr.jpg\" class=\"wpex-align-middle\" alt=\"\" loading=\"lazy\" decoding=\"async\" srcset=\"https:\/\/www.elsabah.net\/wp-content\/uploads\/2021\/09\/investing-hr.jpg 413w, https:\/\/www.elsabah.net\/wp-content\/uploads\/2021\/09\/investing-hr-300x269.jpg 300w\" sizes=\"auto, (max-width: 413px) 100vw, 413px\" \/><\/div><div class=\"vcex-teaser-content\"><h2 class=\"vcex-teaser-heading wpex-heading wpex-text-lg\">Investir dans le succ\u00e8s<\/h2><div class=\"vcex-teaser-text wpex-mt-10 wpex-last-mb-0 wpex-clr\"><p>Investir dans des strat\u00e9gies et des activit\u00e9s de ressources humaines, qui ont un impact positif sur les employ\u00e9s.<\/p>\n<\/div><\/div><\/div><\/div><\/div><\/div><div class=\"wpb_column vc_column_container vc_col-sm-3\"><div class=\"vc_column-inner\"><div class=\"wpb_wrapper\"><style>.vcex-teaser.vcex_69ea43fd5c321 .vcex-teaser-heading{font-size:20px;font-family:Ubuntu;font-weight:700;}.vcex-teaser.vcex_69ea43fd5c321 .vcex-teaser-text{font-size:14px;}<\/style><div class=\"vcex-module vcex-teaser wpex-flex wpex-flex-col hvr hvr-grow  wpb_animate_when_almost_visible wpb_fadeIn fadeIn vcex_69ea43fd5c321\"><div class=\"vcex-teaser-media wpex-mb-20\"><img width=\"413\" height=\"370\" src=\"https:\/\/www.elsabah.net\/wp-content\/uploads\/2021\/09\/best_employees.jpg\" class=\"wpex-align-middle\" alt=\"\" loading=\"lazy\" decoding=\"async\" srcset=\"https:\/\/www.elsabah.net\/wp-content\/uploads\/2021\/09\/best_employees.jpg 413w, https:\/\/www.elsabah.net\/wp-content\/uploads\/2021\/09\/best_employees-300x269.jpg 300w\" sizes=\"auto, (max-width: 413px) 100vw, 413px\" \/><\/div><div class=\"vcex-teaser-content\"><h2 class=\"vcex-teaser-heading wpex-heading wpex-text-lg\">Employ\u00e9 habile<\/h2><div class=\"vcex-teaser-text wpex-mt-10 wpex-last-mb-0 wpex-clr\"><p>Construire une entreprise de haut niveau en attirant, d\u00e9veloppant et retenant les meilleures comp\u00e9tences humaines.<\/p>\n<\/div><\/div><\/div><\/div><\/div><\/div><div class=\"wpb_column vc_column_container vc_col-sm-3\"><div class=\"vc_column-inner\"><div class=\"wpb_wrapper\"><style>.vcex-teaser.vcex_69ea43fd5c856 .vcex-teaser-heading{font-size:20px;font-family:Ubuntu;font-weight:700;}.vcex-teaser.vcex_69ea43fd5c856 .vcex-teaser-text{font-size:14px;}<\/style><div class=\"vcex-module vcex-teaser wpex-flex wpex-flex-col hvr hvr-grow  wpb_animate_when_almost_visible wpb_fadeIn fadeIn vcex_69ea43fd5c856\"><div class=\"vcex-teaser-media wpex-mb-20\"><img width=\"413\" height=\"370\" src=\"https:\/\/www.elsabah.net\/wp-content\/uploads\/2021\/09\/work-enviroment.jpg\" class=\"wpex-align-middle\" alt=\"\" loading=\"lazy\" decoding=\"async\" srcset=\"https:\/\/www.elsabah.net\/wp-content\/uploads\/2021\/09\/work-enviroment.jpg 413w, https:\/\/www.elsabah.net\/wp-content\/uploads\/2021\/09\/work-enviroment-300x269.jpg 300w\" sizes=\"auto, (max-width: 413px) 100vw, 413px\" \/><\/div><div class=\"vcex-teaser-content\"><h2 class=\"vcex-teaser-heading wpex-heading wpex-text-lg\">Environnement de travail<\/h2><div class=\"vcex-teaser-text wpex-mt-10 wpex-last-mb-0 wpex-clr\"><p>Fournir les meilleurs outils pour am\u00e9liorer le capital humain en offrant \u00e0 l'entreprise un environnement de travail adapt\u00e9 \u00e0 ses employ\u00e9s.<\/p>\n<\/div><\/div><\/div><\/div><\/div><\/div><div class=\"wpb_column vc_column_container vc_col-sm-3\"><div class=\"vc_column-inner\"><div class=\"wpb_wrapper\"><style>.vcex-teaser.vcex_69ea43fd5cd31 .vcex-teaser-heading{font-size:20px;font-family:Ubuntu;font-weight:700;}.vcex-teaser.vcex_69ea43fd5cd31 .vcex-teaser-text{font-size:14px;}<\/style><div class=\"vcex-module vcex-teaser wpex-flex wpex-flex-col hvr hvr-grow  wpb_animate_when_almost_visible wpb_fadeIn fadeIn vcex_69ea43fd5cd31\"><div class=\"vcex-teaser-media wpex-mb-20\"><img width=\"413\" height=\"370\" src=\"https:\/\/www.elsabah.net\/wp-content\/uploads\/2021\/09\/training.jpg\" class=\"wpex-align-middle\" alt=\"\" loading=\"lazy\" decoding=\"async\" srcset=\"https:\/\/www.elsabah.net\/wp-content\/uploads\/2021\/09\/training.jpg 413w, https:\/\/www.elsabah.net\/wp-content\/uploads\/2021\/09\/training-300x269.jpg 300w\" sizes=\"auto, (max-width: 413px) 100vw, 413px\" \/><\/div><div class=\"vcex-teaser-content\"><h2 class=\"vcex-teaser-heading wpex-heading wpex-text-lg\">Formation professionnelle<\/h2><div class=\"vcex-teaser-text wpex-mt-10 wpex-last-mb-0 wpex-clr\"><p>Former les employ\u00e9s de divers d\u00e9partements pour atteindre les plus hauts niveaux disponibles.<\/p>\n<\/div><\/div><\/div><\/div><\/div><\/div><\/div><\/div><\/div><\/div><\/div><div class=\"vc_row wpb_row vc_row-fluid vc_rtl-columns-reverse wpex-relative\"><div class=\"wpb_column vc_column_container vc_col-sm-12\"><div class=\"vc_column-inner\"><div class=\"wpb_wrapper\">\n\t<div style=\"text-align:start;\" class=\"wpb_text_column wpb_content_element Text-Align-right\" >\n\t\t<div class=\"wpb_wrapper\">\n\t\t\t<h1><span style=\"color: #f89d1b;\">EL-SABAH<\/span> Emplois disponibles<\/h1>\n\n\t\t<\/div>\n\t<\/div>\n<div class=\"vc_separator wpb_content_element vc_separator_align_center vc_sep_width_100 vc_sep_pos_align_center vc_separator_no_text vc_sep_color_grey vc_custom_1631278684144 wpb_content_element  vc_custom_1631278684144 wpb_content_element\" ><span class=\"vc_sep_holder vc_sep_holder_l\"><span class=\"vc_sep_line\"><\/span><\/span><span class=\"vc_sep_holder vc_sep_holder_r\"><span class=\"vc_sep_line\"><\/span><\/span>\n<\/div>\n\t<div class=\"wpb_text_column wpb_content_element\" >\n\t\t<div class=\"wpb_wrapper\">\n\t\t\t<div class=\"job_listings\" data-location=\"\" data-keywords=\"\" data-show_filters=\"true\" data-show_pagination=\"false\" data-per_page=\"10\" data-orderby=\"featured\" data-order=\"DESC\" data-categories=\"\" data-disable-form-state-storage=\"\" data-featured_first=\"false\" data-post_id=\"864\" >\n<form class=\"job_filters\" action=\"\">\n\t\n\t<div class=\"search_jobs\">\n\t\t\n\t\t<div class=\"search_keywords\">\n\t\t\t<label for=\"search_keywords\">Mots-cl\u00e9s<\/label>\n\t\t\t<input type=\"text\" name=\"search_keywords\" id=\"search_keywords\" placeholder=\"Mots-cl\u00e9s\" value=\"\" \/>\n\t\t<\/div>\n\n\t\t<div class=\"search_location\">\n\t\t\t<label for=\"search_location\">Localisation<\/label>\n\t\t\t<input type=\"text\" name=\"search_location\" id=\"search_location\" placeholder=\"Localisation\" value=\"\" \/>\n\t\t<\/div>\n\n\t\t\t\t\t<div class=\"search_remote_position\">\n\t\t\t\t<input type=\"checkbox\" class=\"input-checkbox\" name=\"remote_position\" id=\"remote_position\" placeholder=\"Localisation\" value=\"1\"  \/>\n\t\t\t\t<label for=\"remote_position\" id=\"remote_position_label\">Postes en t\u00e9l\u00e9travail uniquement<\/label>\n\t\t\t<\/div>\n\t\t\n\t\t<div style=\"clear: both\"><\/div>\n\n\t\t\n\t\t\t\t\t<div class=\"search_submit\">\n\t\t\t\t<input type=\"submit\" value=\"Rechercher des offres d\u2019emploi\">\n\t\t\t<\/div>\n\t\t\n\t\t\t<\/div>\n\n\t\t<ul class=\"job_types\">\n\t\t\t<\/ul>\n\t<input type=\"hidden\" name=\"filter_job_type[]\" value=\"\" \/>\n<div class=\"showing_jobs\"><\/div><input type=\"hidden\" name=\"trp-form-language\" value=\"fr\"\/><\/form>\n\n\n<noscript>Votre navigateur ne supporte pas JavaScript, ou bien JavaScript est d\u00e9sactiv\u00e9. JavaScript doit \u00eatre activ\u00e9 pour pouvoir visualiser des postes.<\/noscript>\n<ul class=\"job_listings\">\n<\/ul>\n<a class=\"load_more_jobs\" href=\"#\" style=\"display:none;\"><strong>Afficher plus d\u2019offres<\/strong><\/a><\/div>\n\n\t\t<\/div>\n\t<\/div>\n<\/div><\/div><\/div><\/div>\n<\/div>","protected":false},"excerpt":{"rendered":"You're the company human capital Our strategic goal is to focus on the company\u2019s human capital, which we consider the main resource Which helps the company's success and progress. YOUR CAREER ATEL Sabah We create an environment that respects and appreciates the difference in capabilities and works on employee development and works to receive employee&hellip;","protected":false},"author":1,"featured_media":0,"parent":0,"menu_order":0,"comment_status":"closed","ping_status":"closed","template":"templates\/no-sidebar.php","meta":{"inline_featured_image":false,"ngg_post_thumbnail":0,"footnotes":""},"class_list":["post-864","page","type-page","status-publish","hentry","entry","no-media"],"_links":{"self":[{"href":"https:\/\/www.elsabah.net\/fr\/wp-json\/wp\/v2\/pages\/864","targetHints":{"allow":["GET"]}}],"collection":[{"href":"https:\/\/www.elsabah.net\/fr\/wp-json\/wp\/v2\/pages"}],"about":[{"href":"https:\/\/www.elsabah.net\/fr\/wp-json\/wp\/v2\/types\/page"}],"author":[{"embeddable":true,"href":"https:\/\/www.elsabah.net\/fr\/wp-json\/wp\/v2\/users\/1"}],"replies":[{"embeddable":true,"href":"https:\/\/www.elsabah.net\/fr\/wp-json\/wp\/v2\/comments?post=864"}],"version-history":[{"count":9,"href":"https:\/\/www.elsabah.net\/fr\/wp-json\/wp\/v2\/pages\/864\/revisions"}],"predecessor-version":[{"id":3139,"href":"https:\/\/www.elsabah.net\/fr\/wp-json\/wp\/v2\/pages\/864\/revisions\/3139"}],"wp:attachment":[{"href":"https:\/\/www.elsabah.net\/fr\/wp-json\/wp\/v2\/media?parent=864"}],"curies":[{"name":"wp","href":"https:\/\/api.w.org\/{rel}","templated":true}]}}